{"id":12,"date":"2021-09-22T15:42:49","date_gmt":"2021-09-22T13:42:49","guid":{"rendered":"http:\/\/jmpsychologie.fr\/?page_id=12"},"modified":"2022-08-29T09:50:31","modified_gmt":"2022-08-29T07:50:31","slug":"__trashed-2","status":"publish","type":"page","link":"https:\/\/jmpsychologie.fr\/?page_id=12","title":{"rendered":"Conception du soin psychique"},"content":{"rendered":"\n<div class=\"wp-block-columns alignwide is-layout-flex wp-container-core-columns-is-layout-9d6595d7 wp-block-columns-is-layout-flex\">\n<div class=\"wp-block-column is-layout-flow wp-block-column-is-layout-flow\">\n<blockquote class=\"wp-block-quote is-style-default is-layout-flow wp-block-quote-is-layout-flow\"><p><em>&#8220;Peu importe la destination<\/em><\/p><p><em>Ce qui compte c&#8217;est le chemin,<\/em><\/p><p><em>Et les d\u00e9tours surtout&#8221;<\/em><\/p><\/blockquote>\n<\/div>\n<\/div>\n\n\n\n<p class=\"has-text-align-center\">Form\u00e9e \u00e0 la psychoth\u00e9rapie d\u2019orientation psychodynamique, je vous propose un espace de parole contenant, sans jugement, o\u00f9 vous \u00eates libre d\u2019exprimer ce que vous voulez. Ensemble nous allons, \u00e0 partir de vos ressentis, chercher \u00e0 donner du sens aux \u00e9preuves que vous traversez. Nous essaierons de comprendre vos difficult\u00e9s pour continuer, le mieux possible, \u00e0 avancer sur le chemin de votre existence.<\/p>\n\n\n\n<p class=\"has-text-align-center\">Je consid\u00e8re les blessures et les accidents de la vie comme autant d\u2019occasions de mieux se conna\u00eetre, de d\u00e9couvrir de nouvelles ressources en soi et de continuer \u00e0 grandir de l\u2019int\u00e9rieur.&nbsp;<\/p>\n\n\n\n<p class=\"has-text-align-center\">Selon l\u2019approche psychodynamique, le sympt\u00f4me est une tentative de r\u00e9ponse de la vie psychique face \u00e0 une situation de souffrance. A nous de tenter de comprendre l\u2019origine de vos difficult\u00e9s et de leurs permettre ainsi de s\u2019exprimer par une autre voie.<\/p>\n\n\n\n<p class=\"has-text-align-center\">J\u2019ai exerc\u00e9 en protection de l\u2019enfance et en p\u00e9do-psychiatrie durant une dizaine d&#8217;ann\u00e9es. J\u2019utilise diff\u00e9rentes m\u00e9diations avec les enfants et les adolescents, comme le jeu, le th\u00e9\u00e2tre, le dessin \u2026 toujours dans cette m\u00eame perspective de soutenir l\u2019expression de la vie affective. Il est important de faire circuler la parole au sein de la famille, en prenant en compte l\u2019histoire et ses transmissions g\u00e9n\u00e9rationnelles. La souffrance d\u2019un enfant ne se r\u00e9duit pas \u00e0 ses troubles.\u00a0 Elle s\u2019inscrit dans un syst\u00e8me familial plus large dont la mise en mots et la compr\u00e9hension aideront l\u2019enfant et sa famille \u00e0 avoir des relations plus pacifi\u00e9es.<\/p>\n\n\n\n<p class=\"has-text-align-center\">M\u2019appuyant sur une solide formation et une approche de terrain en psycho-traumatologie, je peux \u00e9galement vous recevoir suite \u00e0 une confrontation \u00e0 un \u00e9v\u00e8nement grave et douloureux. Je pratique l&#8217;EMDR ( Eye Movement Desensitization and Reprocessing : d\u00e9sensibilisation et retraitement par les mouvements oculaires ), approche th\u00e9rapeutique qui permet de faire circuler \u00e0 nouveau la pens\u00e9e, les \u00e9motions, les \u00e9prouv\u00e9s corporels, rest\u00e9s fig\u00e9s lors de la confrontation \u00e0 un traumatisme. L&#8217;EMDR permet de diminuer la charge \u00e9motionnelle n\u00e9gative li\u00e9e \u00e0 un \u00e9v\u00e8nement traumatique.        Il est important de ne pas rester isol\u00e9 suite \u00e0 un accident de la vie et de le partager rapidement, afin de pr\u00e9venir son impact traumatique dans le temps.\u00a0<\/p>\n\n\n\n<p class=\"has-text-align-center\">Mon cadre de travail s\u2019est enrichi au fil de mes exp\u00e9riences professionnelles et humaines. Je crois profond\u00e9ment \u00e0 la richesse d\u2019une approche soignante int\u00e9grant diff\u00e9rents courants de pens\u00e9es et outils th\u00e9rapeutiques.<\/p>\n\n\n\n<figure class=\"wp-block-gallery alignwide has-nested-images columns-default is-cropped wp-block-gallery-1 is-layout-flex wp-block-gallery-is-layout-flex\"><\/figure>\n","protected":false},"excerpt":{"rendered":"<p>&#8220;Peu importe la destination Ce qui compte c&#8217;est le chemin, Et les d\u00e9tours surtout&#8221; Form\u00e9e \u00e0 la psychoth\u00e9rapie d\u2019orientation psychodynamique, je vous propose un espace de parole contenant, sans jugement, o\u00f9 vous \u00eates libre d\u2019exprimer ce que vous voulez. Ensemble nous allons, \u00e0 partir de vos ressentis, chercher \u00e0 donner du sens aux \u00e9preuves que [&hellip;]<\/p>\n","protected":false},"author":1,"featured_media":0,"parent":0,"menu_order":2,"comment_status":"closed","ping_status":"closed","template":"","meta":{"footnotes":""},"class_list":["post-12","page","type-page","status-publish","hentry"],"_links":{"self":[{"href":"https:\/\/jmpsychologie.fr\/index.php?rest_route=\/wp\/v2\/pages\/12","targetHints":{"allow":["GET"]}}],"collection":[{"href":"https:\/\/jmpsychologie.fr\/index.php?rest_route=\/wp\/v2\/pages"}],"about":[{"href":"https:\/\/jmpsychologie.fr\/index.php?rest_route=\/wp\/v2\/types\/page"}],"author":[{"embeddable":true,"href":"https:\/\/jmpsychologie.fr\/index.php?rest_route=\/wp\/v2\/users\/1"}],"replies":[{"embeddable":true,"href":"https:\/\/jmpsychologie.fr\/index.php?rest_route=%2Fwp%2Fv2%2Fcomments&post=12"}],"version-history":[{"count":15,"href":"https:\/\/jmpsychologie.fr\/index.php?rest_route=\/wp\/v2\/pages\/12\/revisions"}],"predecessor-version":[{"id":115,"href":"https:\/\/jmpsychologie.fr\/index.php?rest_route=\/wp\/v2\/pages\/12\/revisions\/115"}],"wp:attachment":[{"href":"https:\/\/jmpsychologie.fr\/index.php?rest_route=%2Fwp%2Fv2%2Fmedia&parent=12"}],"curies":[{"name":"wp","href":"https:\/\/api.w.org\/{rel}","templated":true}]}}