{"id":13,"date":"2021-09-22T15:42:49","date_gmt":"2021-09-22T13:42:49","guid":{"rendered":"http:\/\/jmpsychologie.fr\/?page_id=13"},"modified":"2025-01-15T09:47:03","modified_gmt":"2025-01-15T08:47:03","slug":"__trashed-3","status":"publish","type":"page","link":"https:\/\/jmpsychologie.fr\/?page_id=13","title":{"rendered":"Exp\u00e9riences et formations"},"content":{"rendered":"\n<p><\/p>\n\n\n\n<p>2024\/2025 : Formation &#8220;Accompagner en mouvement&#8221;, Am\u00e9lie Schweiger, formatrice danse des 5 Rythmes, Paris<\/p>\n\n\n\n<p>2024 : Formation &#8220;De la prise en compte \u00e0 la prise en charge des traumatismes transg\u00e9n\u00e9rationnels&#8221;, H\u00e9l\u00e8ne Dellucci, Le Cercle de Comp\u00e9tences, Lyon<\/p>\n\n\n\n<p>2024 : Formation EMDR &#8220;La bo\u00eete de vitesse&#8221;, H\u00e9l\u00e8ne Dellucci, IFEMDR, Paris<\/p>\n\n\n\n<p>2023 : Formation th\u00e9rapeute EMDR Enfants et Adolescents, en cours, aupr\u00e8s de l&#8217;Institut Fran\u00e7ais d&#8217;EMDR Paris (IFEMDR)<\/p>\n\n\n\n<p>2022 : Th\u00e9rapeute EMDR Adultes, formation r\u00e9alis\u00e9e aupr\u00e8s de l&#8217;IFEMDR<\/p>\n\n\n\n<p>De 2021 \u00e0 2023 : Analyse de la pratique professionnelle, Cr\u00e8ches \u00ab&nbsp;Nos petits Pouces&nbsp;\u00bb<\/p>\n\n\n\n<p>2018 : Analyse de la pratique professionnelle, Service de Soin et de R\u00e9adaptation&nbsp; p\u00e9diatrique Chanay<\/p>\n\n\n\n<p>De 2015 \u00e0 2022 : Psychologue volontaire CUMP 74 ( Cellule d\u2019urgence m\u00e9dico-psychologique en lien avec le SAMU )<\/p>\n\n\n\n<p>De 2015 \u00e0 2019 : Enseignement IFSI \/ IFAS ( Centre de formation en soins infirmiers et aides-soignants )<\/p>\n\n\n\n<p>De 2014 \u00e0 2022 : Psychologue clinicienne : Centre m\u00e9dico psychologique infanto-juv\u00e9nile de Sallanches&nbsp;<\/p>\n\n\n\n<p>2013\/2014 : Psychologue clinicienne : Aide sociale \u00e0 l\u2019enfance<\/p>\n\n\n\n<p>2012 : Educatrice en cr\u00e8che, Montr\u00e9al<\/p>\n\n\n\n<p>2011 : Psychologue clinicienne : Centre m\u00e9dico-psycho-p\u00e9dagogique, Gu\u00e9ret<\/p>\n\n\n\n<p>2010 : Master 2 Professionnel &#8220;Psychopathologie et psychologie clinique&#8221;, Universit\u00e9 Lumi\u00e8re Lyon II<\/p>\n\n\n\n<p>2009 : Master 2 Recherche &#8220;Psychopathologie et psychologie clinique&#8221;, Universit\u00e9 Lumi\u00e8re Lyon II<\/p>\n\n\n\n<p><\/p>\n","protected":false},"excerpt":{"rendered":"<p>2024\/2025 : Formation &#8220;Accompagner en mouvement&#8221;, Am\u00e9lie Schweiger, formatrice danse des 5 Rythmes, Paris 2024 : Formation &#8220;De la prise en compte \u00e0 la prise en charge des traumatismes transg\u00e9n\u00e9rationnels&#8221;, H\u00e9l\u00e8ne Dellucci, Le Cercle de Comp\u00e9tences, Lyon 2024 : Formation EMDR &#8220;La bo\u00eete de vitesse&#8221;, H\u00e9l\u00e8ne Dellucci, IFEMDR, Paris 2023 : Formation th\u00e9rapeute EMDR Enfants [&hellip;]<\/p>\n","protected":false},"author":1,"featured_media":0,"parent":0,"menu_order":3,"comment_status":"closed","ping_status":"closed","template":"","meta":{"footnotes":""},"class_list":["post-13","page","type-page","status-publish","hentry"],"_links":{"self":[{"href":"https:\/\/jmpsychologie.fr\/index.php?rest_route=\/wp\/v2\/pages\/13","targetHints":{"allow":["GET"]}}],"collection":[{"href":"https:\/\/jmpsychologie.fr\/index.php?rest_route=\/wp\/v2\/pages"}],"about":[{"href":"https:\/\/jmpsychologie.fr\/index.php?rest_route=\/wp\/v2\/types\/page"}],"author":[{"embeddable":true,"href":"https:\/\/jmpsychologie.fr\/index.php?rest_route=\/wp\/v2\/users\/1"}],"replies":[{"embeddable":true,"href":"https:\/\/jmpsychologie.fr\/index.php?rest_route=%2Fwp%2Fv2%2Fcomments&post=13"}],"version-history":[{"count":9,"href":"https:\/\/jmpsychologie.fr\/index.php?rest_route=\/wp\/v2\/pages\/13\/revisions"}],"predecessor-version":[{"id":128,"href":"https:\/\/jmpsychologie.fr\/index.php?rest_route=\/wp\/v2\/pages\/13\/revisions\/128"}],"wp:attachment":[{"href":"https:\/\/jmpsychologie.fr\/index.php?rest_route=%2Fwp%2Fv2%2Fmedia&parent=13"}],"curies":[{"name":"wp","href":"https:\/\/api.w.org\/{rel}","templated":true}]}}