{"id":14,"date":"2021-09-22T15:42:49","date_gmt":"2021-09-22T13:42:49","guid":{"rendered":"http:\/\/jmpsychologie.fr\/?page_id=14"},"modified":"2025-01-15T09:38:52","modified_gmt":"2025-01-15T08:38:52","slug":"__trashed-4","status":"publish","type":"page","link":"https:\/\/jmpsychologie.fr\/?page_id=14","title":{"rendered":"Contact et conditions tarifaires"},"content":{"rendered":"\n<p>Je vous re\u00e7ois sur rendez-vous au :<\/p>\n\n\n\n<p>36 impasse du Cadet&nbsp;<\/p>\n\n\n\n<p>74800 Cornier ( \u00e0 5 minutes de La Roche sur Foron)<\/p>\n\n\n\n<p><strong>06 16 08 64 18<\/strong><\/p>\n\n\n\n<p>Lundi : de 10h \u00e0 20h<\/p>\n\n\n\n<p>Mardi : de 9h \u00e0 18h<\/p>\n\n\n\n<p>Jeudi : de 9h \u00e0 19h<\/p>\n\n\n\n<p>Vendredi : de 9h \u00e0 17h<\/p>\n\n\n\n<p class=\"has-text-align-center\">La dur\u00e9e d&#8217;une consultation est d&#8217;une heure. Le prix est de 65 \u20ac, \u00e0 r\u00e9gler en ch\u00e8que ou en esp\u00e8ces. Vous pouvez vous renseigner aupr\u00e8s de votre mutuelle, certaines prennent en charge quelques s\u00e9ances. En cas de rendez-vous non annul\u00e9 au moins 24 heures \u00e0 l&#8217;avance, la s\u00e9ance est due.<\/p>\n\n\n\n<p class=\"has-text-align-center\">Je peux \u00e9galement proposer des entretiens en visio conf\u00e9rence.<\/p>\n\n\n\n<p class=\"has-text-align-center\">Je me d\u00e9place dans les institutions m\u00e9dico-sociales, hospitali\u00e8res ou de la petite enfance dans le cadre de s\u00e9ances d\u2019analyse de la pratique professionnelle ou de supervision. Vous pouvez me contacter pour un devis.<\/p>\n\n\n\n<figure class=\"wp-block-image size-large is-style-rounded\"><img loading=\"lazy\" decoding=\"async\" width=\"1024\" height=\"683\" src=\"https:\/\/jmpsychologie.fr\/wp-content\/uploads\/2021\/10\/rocks-g9f2b4ba8d_1920-1-1024x683.jpg\" alt=\"\" class=\"wp-image-105\" srcset=\"https:\/\/jmpsychologie.fr\/wp-content\/uploads\/2021\/10\/rocks-g9f2b4ba8d_1920-1-1024x683.jpg 1024w, https:\/\/jmpsychologie.fr\/wp-content\/uploads\/2021\/10\/rocks-g9f2b4ba8d_1920-1-300x200.jpg 300w, https:\/\/jmpsychologie.fr\/wp-content\/uploads\/2021\/10\/rocks-g9f2b4ba8d_1920-1-768x512.jpg 768w, https:\/\/jmpsychologie.fr\/wp-content\/uploads\/2021\/10\/rocks-g9f2b4ba8d_1920-1-1536x1024.jpg 1536w, https:\/\/jmpsychologie.fr\/wp-content\/uploads\/2021\/10\/rocks-g9f2b4ba8d_1920-1-1200x800.jpg 1200w, https:\/\/jmpsychologie.fr\/wp-content\/uploads\/2021\/10\/rocks-g9f2b4ba8d_1920-1.jpg 1920w\" sizes=\"auto, (max-width: 1024px) 100vw, 1024px\" \/><\/figure>\n","protected":false},"excerpt":{"rendered":"<p>Je vous re\u00e7ois sur rendez-vous au : 36 impasse du Cadet&nbsp; 74800 Cornier ( \u00e0 5 minutes de La Roche sur Foron) 06 16 08 64 18 Lundi : de 10h \u00e0 20h Mardi : de 9h \u00e0 18h Jeudi : de 9h \u00e0 19h Vendredi : de 9h \u00e0 17h La dur\u00e9e d&#8217;une consultation [&hellip;]<\/p>\n","protected":false},"author":1,"featured_media":0,"parent":0,"menu_order":4,"comment_status":"closed","ping_status":"closed","template":"","meta":{"footnotes":""},"class_list":["post-14","page","type-page","status-publish","hentry"],"_links":{"self":[{"href":"https:\/\/jmpsychologie.fr\/index.php?rest_route=\/wp\/v2\/pages\/14","targetHints":{"allow":["GET"]}}],"collection":[{"href":"https:\/\/jmpsychologie.fr\/index.php?rest_route=\/wp\/v2\/pages"}],"about":[{"href":"https:\/\/jmpsychologie.fr\/index.php?rest_route=\/wp\/v2\/types\/page"}],"author":[{"embeddable":true,"href":"https:\/\/jmpsychologie.fr\/index.php?rest_route=\/wp\/v2\/users\/1"}],"replies":[{"embeddable":true,"href":"https:\/\/jmpsychologie.fr\/index.php?rest_route=%2Fwp%2Fv2%2Fcomments&post=14"}],"version-history":[{"count":10,"href":"https:\/\/jmpsychologie.fr\/index.php?rest_route=\/wp\/v2\/pages\/14\/revisions"}],"predecessor-version":[{"id":126,"href":"https:\/\/jmpsychologie.fr\/index.php?rest_route=\/wp\/v2\/pages\/14\/revisions\/126"}],"wp:attachment":[{"href":"https:\/\/jmpsychologie.fr\/index.php?rest_route=%2Fwp%2Fv2%2Fmedia&parent=14"}],"curies":[{"name":"wp","href":"https:\/\/api.w.org\/{rel}","templated":true}]}}