{"id":2,"date":"2021-09-20T16:26:37","date_gmt":"2021-09-20T14:26:37","guid":{"rendered":"http:\/\/jmpsychologie.fr\/?page_id=2"},"modified":"2021-10-04T20:43:01","modified_gmt":"2021-10-04T18:43:01","slug":"page-d-exemple","status":"publish","type":"page","link":"https:\/\/jmpsychologie.fr\/?page_id=2","title":{"rendered":"Les consultations"},"content":{"rendered":"\n<p class=\"has-text-align-center\">Je vous propose un espace th\u00e9rapeutique bienveillant d&#8217;\u00e9coute et d&#8217;\u00e9change. Vous pourrez y d\u00e9poser ce qui vous interroge \u00e0 un moment donn\u00e9, lorsque vous vous sentez d\u00e9sarm\u00e9 face \u00e0 un mal-\u00eatre int\u00e9rieur grandissant, ou face \u00e0 celui de votre enfant.<\/p>\n\n\n\n<p class=\"has-text-align-center\">Nous d\u00e9finirons ensemble le cadre soignant le plus adapt\u00e9 pour vous soutenir :<\/p>\n\n\n\n<ul class=\"wp-block-list\"><li>des entretiens ponctuels de soutien<\/li><li>des consultations plus r\u00e9guli\u00e8res dans le cadre d\u2019une psychoth\u00e9rapie.<\/li><\/ul>\n\n\n\n<p class=\"has-text-align-center\">Ces s\u00e9ances peuvent se d\u00e9rouler de mani\u00e8re individuelle, en couple ou en famille, en fonction de vos besoins et de l\u2019\u00e9volution de notre travail.<\/p>\n\n\n\n<p class=\"has-text-align-center\">Je peux recevoir les enfants et les adolescents de tout \u00e2ge. La prise en charge des plus jeunes s\u2019effectue en lien avec leur famille.<\/p>\n","protected":false},"excerpt":{"rendered":"<p>Je vous propose un espace th\u00e9rapeutique bienveillant d&#8217;\u00e9coute et d&#8217;\u00e9change. Vous pourrez y d\u00e9poser ce qui vous interroge \u00e0 un moment donn\u00e9, lorsque vous vous sentez d\u00e9sarm\u00e9 face \u00e0 un mal-\u00eatre int\u00e9rieur grandissant, ou face \u00e0 celui de votre enfant. Nous d\u00e9finirons ensemble le cadre soignant le plus adapt\u00e9 pour vous soutenir : des entretiens [&hellip;]<\/p>\n","protected":false},"author":1,"featured_media":0,"parent":0,"menu_order":1,"comment_status":"closed","ping_status":"open","template":"","meta":{"footnotes":""},"class_list":["post-2","page","type-page","status-publish","hentry"],"_links":{"self":[{"href":"https:\/\/jmpsychologie.fr\/index.php?rest_route=\/wp\/v2\/pages\/2","targetHints":{"allow":["GET"]}}],"collection":[{"href":"https:\/\/jmpsychologie.fr\/index.php?rest_route=\/wp\/v2\/pages"}],"about":[{"href":"https:\/\/jmpsychologie.fr\/index.php?rest_route=\/wp\/v2\/types\/page"}],"author":[{"embeddable":true,"href":"https:\/\/jmpsychologie.fr\/index.php?rest_route=\/wp\/v2\/users\/1"}],"replies":[{"embeddable":true,"href":"https:\/\/jmpsychologie.fr\/index.php?rest_route=%2Fwp%2Fv2%2Fcomments&post=2"}],"version-history":[{"count":10,"href":"https:\/\/jmpsychologie.fr\/index.php?rest_route=\/wp\/v2\/pages\/2\/revisions"}],"predecessor-version":[{"id":104,"href":"https:\/\/jmpsychologie.fr\/index.php?rest_route=\/wp\/v2\/pages\/2\/revisions\/104"}],"wp:attachment":[{"href":"https:\/\/jmpsychologie.fr\/index.php?rest_route=%2Fwp%2Fv2%2Fmedia&parent=2"}],"curies":[{"name":"wp","href":"https:\/\/api.w.org\/{rel}","templated":true}]}}