{"id":80,"date":"2021-10-02T21:06:06","date_gmt":"2021-10-02T19:06:06","guid":{"rendered":"https:\/\/jmpsychologie.fr\/?page_id=80"},"modified":"2021-10-04T20:46:33","modified_gmt":"2021-10-04T18:46:33","slug":"julie-marmoux","status":"publish","type":"page","link":"https:\/\/jmpsychologie.fr\/","title":{"rendered":"Julie MARMOUX"},"content":{"rendered":"\n<p class=\"has-text-align-center has-large-font-size\">Psychologue clinicienne &#8211; Psychoth\u00e9rapeute <\/p>\n\n\n\n<p class=\"has-text-align-center has-large-font-size\">Dipl\u00f4m\u00e9e de l&#8217;Universit\u00e9 Lumi\u00e8re Lyon II<\/p>\n\n\n\n<p class=\"has-text-align-center has-large-font-size\">Enfant &#8211; Adolescent &#8211; Adulte<\/p>\n\n\n\n<figure class=\"wp-block-image size-large is-style-rounded\"><img loading=\"lazy\" decoding=\"async\" width=\"1024\" height=\"683\" src=\"https:\/\/jmpsychologie.fr\/wp-content\/uploads\/2021\/10\/river-g93df4ae99_1920-1024x683.jpg\" alt=\"\" class=\"wp-image-96\" srcset=\"https:\/\/jmpsychologie.fr\/wp-content\/uploads\/2021\/10\/river-g93df4ae99_1920-1024x683.jpg 1024w, https:\/\/jmpsychologie.fr\/wp-content\/uploads\/2021\/10\/river-g93df4ae99_1920-300x200.jpg 300w, https:\/\/jmpsychologie.fr\/wp-content\/uploads\/2021\/10\/river-g93df4ae99_1920-768x512.jpg 768w, https:\/\/jmpsychologie.fr\/wp-content\/uploads\/2021\/10\/river-g93df4ae99_1920-1536x1024.jpg 1536w, https:\/\/jmpsychologie.fr\/wp-content\/uploads\/2021\/10\/river-g93df4ae99_1920-1200x800.jpg 1200w, https:\/\/jmpsychologie.fr\/wp-content\/uploads\/2021\/10\/river-g93df4ae99_1920.jpg 1920w\" sizes=\"auto, (max-width: 1024px) 100vw, 1024px\" \/><\/figure>\n","protected":false},"excerpt":{"rendered":"<p>Psychologue clinicienne &#8211; Psychoth\u00e9rapeute Dipl\u00f4m\u00e9e de l&#8217;Universit\u00e9 Lumi\u00e8re Lyon II Enfant &#8211; Adolescent &#8211; Adulte<\/p>\n","protected":false},"author":1,"featured_media":0,"parent":0,"menu_order":0,"comment_status":"closed","ping_status":"closed","template":"","meta":{"footnotes":""},"class_list":["post-80","page","type-page","status-publish","hentry"],"_links":{"self":[{"href":"https:\/\/jmpsychologie.fr\/index.php?rest_route=\/wp\/v2\/pages\/80","targetHints":{"allow":["GET"]}}],"collection":[{"href":"https:\/\/jmpsychologie.fr\/index.php?rest_route=\/wp\/v2\/pages"}],"about":[{"href":"https:\/\/jmpsychologie.fr\/index.php?rest_route=\/wp\/v2\/types\/page"}],"author":[{"embeddable":true,"href":"https:\/\/jmpsychologie.fr\/index.php?rest_route=\/wp\/v2\/users\/1"}],"replies":[{"embeddable":true,"href":"https:\/\/jmpsychologie.fr\/index.php?rest_route=%2Fwp%2Fv2%2Fcomments&post=80"}],"version-history":[{"count":7,"href":"https:\/\/jmpsychologie.fr\/index.php?rest_route=\/wp\/v2\/pages\/80\/revisions"}],"predecessor-version":[{"id":107,"href":"https:\/\/jmpsychologie.fr\/index.php?rest_route=\/wp\/v2\/pages\/80\/revisions\/107"}],"wp:attachment":[{"href":"https:\/\/jmpsychologie.fr\/index.php?rest_route=%2Fwp%2Fv2%2Fmedia&parent=80"}],"curies":[{"name":"wp","href":"https:\/\/api.w.org\/{rel}","templated":true}]}}